{"id":34,"date":"2025-04-23T00:10:45","date_gmt":"2025-04-23T00:10:45","guid":{"rendered":"https:\/\/playmbet.ink\/?page_id=34"},"modified":"2025-08-26T09:23:44","modified_gmt":"2025-08-26T09:23:44","slug":"trang-chu","status":"publish","type":"page","link":"https:\/\/www.playmbet.ink\/","title":{"rendered":"Trang Ch\u1ee7"},"content":{"rendered":"\n\t\t<div class=\"bg-video-pc\">\n\t\t\t\t\n\n<video autoplay muted loop playsinline>\n  <source src=\"\/wp-content\/uploads\/2025\/08\/Red-Particle-Overlay-for-editing-.mp4\" type=\"video\/mp4\">\n<\/video>\n\t\t<\/div>\n\t\n\t\t<div class=\"bg-video-mobile\">\n\t\t\t\t\n\n<video autoplay muted loop playsinline>\n  <source src=\"\/wp-content\/uploads\/2025\/08\/R7112-Assets-LDP-MBET-MB.mp4\" type=\"video\/mp4\">\n<\/video>\n\t\t<\/div>\n\t\n\t<section class=\"section main-section\" id=\"section_1590072524\">\n\t\t<div class=\"bg section-bg fill bg-fill  bg-loaded\" >\n\n\t\t\t\n\t\t\t\n\t\t\t\n\n\t\t<\/div>\n\n\t\t\n\n\t\t<div class=\"section-content relative\">\n\t\t\t\n\n<div class=\"row row-collapse\"  id=\"row-375639209\">\n\n\n\t<div id=\"col-721168494\" class=\"col main-column small-12 large-12\"  >\n\t\t\t\t<div class=\"col-inner\"  >\n\t\t\t\n\t\t\t\n\n\t<div id=\"stack-80464916\" class=\"stack left-stack stack-col justify-center items-center\">\n\t\t\n\n\t<div class=\"img has-hover logo x md-x lg-x y md-y lg-y\" id=\"image_1925460750\">\n\t\t\t\t\t\t\t\t<div class=\"img-inner dark\" >\n\t\t\t<img decoding=\"async\" src=\"https:\/\/www.playmbet.ink\/wp-content\/uploads\/2025\/08\/logo.svg\" class=\"attachment-original size-original\" alt=\"\" \/>\t\t\t\t\t\t\n\t\t\t\t\t<\/div>\n\t\t\t\t\t\t\t\t\n<style>\n#image_1925460750 {\n  width: 100%;\n}\n<\/style>\n\t<\/div>\n\t\n\n\t<div id=\"stack-2027192698\" class=\"stack stack-col justify-start items-center\">\n\t\t\n\n\t\t<div class=\"slider-pc\">\n\t\t\t\t\n\n<div class=\"slider-container\">\n    <div class=\"slide active\"><img decoding=\"async\" src=\"\/wp-content\/uploads\/2025\/08\/event-3.png\" alt=\"1\"><\/div>\n    <div class=\"slide next\"><img decoding=\"async\" src=\"\/wp-content\/uploads\/2025\/08\/event-2.png\" alt=\"2\"><\/div>\n    <div class=\"slide prev\"><img decoding=\"async\" src=\"\/wp-content\/uploads\/2025\/08\/event-1.png\" alt=\"3\"><\/div>\n  <\/div>\n\n  <script>\n     function initSlider(containerSelector) {\n    const container = document.querySelector(containerSelector);\n    if (!container) return;\n\n    const slides = container.querySelectorAll(\".slide\");\n    let current = 0;\n\n    function updateSlides() {\n      slides.forEach((slide) => (slide.className = \"slide\")); \/\/ reset\n\n      const total = slides.length;\n      const active = current % total;\n      const prev = (current - 1 + total) % total;\n      const next = (current + 1) % total;\n\n      slides[active].classList.add(\"active\");\n      slides[prev].classList.add(\"prev\");\n      slides[next].classList.add(\"next\");\n    }\n\n    setInterval(() => {\n      current = (current + 1) % slides.length;\n      updateSlides();\n    }, 4000);\n\n    updateSlides(); \/\/ initial run\n  }\n\n  document.addEventListener(\"DOMContentLoaded\", () => {\n    initSlider(\".slider-pc\");\n    initSlider(\".slider-mobile\");\n  });\n  <\/script>\n\t\t<\/div>\n\t\n\t<div id=\"stack-3130528157\" class=\"stack background-stack stack-row justify-start items-stretch\">\n\t\t\n\n\t<div class=\"img has-hover girl-left x md-x lg-x y md-y lg-y\" id=\"image_1270028692\">\n\t\t\t\t\t\t\t\t<div class=\"img-inner dark\" >\n\t\t\t<img loading=\"lazy\" decoding=\"async\" width=\"397\" height=\"530\" src=\"https:\/\/www.playmbet.ink\/wp-content\/uploads\/2025\/08\/m12-1.png\" class=\"attachment-original size-original\" alt=\"\" srcset=\"https:\/\/www.playmbet.ink\/wp-content\/uploads\/2025\/08\/m12-1.png 397w, https:\/\/www.playmbet.ink\/wp-content\/uploads\/2025\/08\/m12-1-225x300.png 225w\" sizes=\"auto, (max-width: 397px) 100vw, 397px\" \/>\t\t\t\t\t\t\n\t\t\t\t\t<\/div>\n\t\t\t\t\t\t\t\t\n<style>\n#image_1270028692 {\n  width: 100%;\n}\n<\/style>\n\t<\/div>\n\t\n\n\t<div class=\"img has-hover tank-left x md-x lg-x y md-y lg-y\" id=\"image_713169724\">\n\t\t\t\t\t\t\t\t<div class=\"img-inner dark\" >\n\t\t\t<img loading=\"lazy\" decoding=\"async\" width=\"498\" height=\"349\" src=\"https:\/\/www.playmbet.ink\/wp-content\/uploads\/2025\/08\/m15-1.png\" class=\"attachment-original size-original\" alt=\"\" srcset=\"https:\/\/www.playmbet.ink\/wp-content\/uploads\/2025\/08\/m15-1.png 498w, https:\/\/www.playmbet.ink\/wp-content\/uploads\/2025\/08\/m15-1-300x210.png 300w\" sizes=\"auto, (max-width: 498px) 100vw, 498px\" \/>\t\t\t\t\t\t\n\t\t\t\t\t<\/div>\n\t\t\t\t\t\t\t\t\n<style>\n#image_713169724 {\n  width: 100%;\n}\n<\/style>\n\t<\/div>\n\t\n\n\t<div class=\"img has-hover frog-left x md-x lg-x y md-y lg-y\" id=\"image_1692355673\">\n\t\t\t\t\t\t\t\t<div class=\"img-inner dark\" >\n\t\t\t<img loading=\"lazy\" decoding=\"async\" width=\"134\" height=\"139\" src=\"https:\/\/www.playmbet.ink\/wp-content\/uploads\/2025\/08\/m11-1.png\" class=\"attachment-original size-original\" alt=\"\" \/>\t\t\t\t\t\t\n\t\t\t\t\t<\/div>\n\t\t\t\t\t\t\t\t\n<style>\n#image_1692355673 {\n  width: 100%;\n}\n<\/style>\n\t<\/div>\n\t\n\n\t<div class=\"img has-hover gold-left x md-x lg-x y md-y lg-y\" id=\"image_703825828\">\n\t\t\t\t\t\t\t\t<div class=\"img-inner dark\" >\n\t\t\t<img loading=\"lazy\" decoding=\"async\" width=\"164\" height=\"103\" src=\"https:\/\/www.playmbet.ink\/wp-content\/uploads\/2025\/08\/m9-1.png\" class=\"attachment-original size-original\" alt=\"\" \/>\t\t\t\t\t\t\n\t\t\t\t\t<\/div>\n\t\t\t\t\t\t\t\t\n<style>\n#image_703825828 {\n  width: 100%;\n}\n<\/style>\n\t<\/div>\n\t\n\n\t<div class=\"img has-hover lotus-left x md-x lg-x y md-y lg-y\" id=\"image_1737968528\">\n\t\t\t\t\t\t\t\t<div class=\"img-inner dark\" >\n\t\t\t<img loading=\"lazy\" decoding=\"async\" width=\"254\" height=\"262\" src=\"https:\/\/www.playmbet.ink\/wp-content\/uploads\/2025\/08\/m4-1.png\" class=\"attachment-original size-original\" alt=\"\" \/>\t\t\t\t\t\t\n\t\t\t\t\t<\/div>\n\t\t\t\t\t\t\t\t\n<style>\n#image_1737968528 {\n  width: 100%;\n}\n<\/style>\n\t<\/div>\n\t\n\n\t<div class=\"img has-hover game-left x md-x lg-x y md-y lg-y\" id=\"image_1949786916\">\n\t\t\t\t\t\t\t\t<div class=\"img-inner dark\" >\n\t\t\t<img loading=\"lazy\" decoding=\"async\" width=\"198\" height=\"210\" src=\"https:\/\/www.playmbet.ink\/wp-content\/uploads\/2025\/08\/m2-1.png\" class=\"attachment-original size-original\" alt=\"\" \/>\t\t\t\t\t\t\n\t\t\t\t\t<\/div>\n\t\t\t\t\t\t\t\t\n<style>\n#image_1949786916 {\n  width: 100%;\n}\n<\/style>\n\t<\/div>\n\t\n\n\t<div class=\"img has-hover girl-right x md-x lg-x y md-y lg-y\" id=\"image_845992019\">\n\t\t\t\t\t\t\t\t<div class=\"img-inner dark\" >\n\t\t\t<img loading=\"lazy\" decoding=\"async\" width=\"392\" height=\"536\" src=\"https:\/\/www.playmbet.ink\/wp-content\/uploads\/2025\/08\/m10-1.png\" class=\"attachment-original size-original\" alt=\"\" srcset=\"https:\/\/www.playmbet.ink\/wp-content\/uploads\/2025\/08\/m10-1.png 392w, https:\/\/www.playmbet.ink\/wp-content\/uploads\/2025\/08\/m10-1-219x300.png 219w\" sizes=\"auto, (max-width: 392px) 100vw, 392px\" \/>\t\t\t\t\t\t\n\t\t\t\t\t<\/div>\n\t\t\t\t\t\t\t\t\n<style>\n#image_845992019 {\n  width: 100%;\n}\n<\/style>\n\t<\/div>\n\t\n\n\t<div class=\"img has-hover tank-right x md-x lg-x y md-y lg-y\" id=\"image_842000541\">\n\t\t\t\t\t\t\t\t<div class=\"img-inner dark\" >\n\t\t\t<img loading=\"lazy\" decoding=\"async\" width=\"537\" height=\"334\" src=\"https:\/\/www.playmbet.ink\/wp-content\/uploads\/2025\/08\/m14-1.png\" class=\"attachment-original size-original\" alt=\"\" srcset=\"https:\/\/www.playmbet.ink\/wp-content\/uploads\/2025\/08\/m14-1.png 537w, https:\/\/www.playmbet.ink\/wp-content\/uploads\/2025\/08\/m14-1-300x187.png 300w\" sizes=\"auto, (max-width: 537px) 100vw, 537px\" \/>\t\t\t\t\t\t\n\t\t\t\t\t<\/div>\n\t\t\t\t\t\t\t\t\n<style>\n#image_842000541 {\n  width: 100%;\n}\n<\/style>\n\t<\/div>\n\t\n\n\t<div class=\"img has-hover flower-right x md-x lg-x y md-y lg-y\" id=\"image_1722821180\">\n\t\t\t\t\t\t\t\t<div class=\"img-inner dark\" >\n\t\t\t<img loading=\"lazy\" decoding=\"async\" width=\"185\" height=\"147\" src=\"https:\/\/www.playmbet.ink\/wp-content\/uploads\/2025\/08\/m3-1.png\" class=\"attachment-original size-original\" alt=\"\" \/>\t\t\t\t\t\t\n\t\t\t\t\t<\/div>\n\t\t\t\t\t\t\t\t\n<style>\n#image_1722821180 {\n  width: 100%;\n}\n<\/style>\n\t<\/div>\n\t\n\n\t<div class=\"img has-hover ball-right x md-x lg-x y md-y lg-y\" id=\"image_287071630\">\n\t\t\t\t\t\t\t\t<div class=\"img-inner dark\" >\n\t\t\t<img loading=\"lazy\" decoding=\"async\" width=\"156\" height=\"155\" src=\"https:\/\/www.playmbet.ink\/wp-content\/uploads\/2025\/08\/m6-1.png\" class=\"attachment-original size-original\" alt=\"\" srcset=\"https:\/\/www.playmbet.ink\/wp-content\/uploads\/2025\/08\/m6-1.png 156w, https:\/\/www.playmbet.ink\/wp-content\/uploads\/2025\/08\/m6-1-150x150.png 150w\" sizes=\"auto, (max-width: 156px) 100vw, 156px\" \/>\t\t\t\t\t\t\n\t\t\t\t\t<\/div>\n\t\t\t\t\t\t\t\t\n<style>\n#image_287071630 {\n  width: 100%;\n}\n<\/style>\n\t<\/div>\n\t\n\n\t<div class=\"img has-hover leaf-right x md-x lg-x y md-y lg-y\" id=\"image_1206065808\">\n\t\t\t\t\t\t\t\t<div class=\"img-inner dark\" >\n\t\t\t<img loading=\"lazy\" decoding=\"async\" width=\"199\" height=\"153\" src=\"https:\/\/www.playmbet.ink\/wp-content\/uploads\/2025\/08\/m8-1.png\" class=\"attachment-original size-original\" alt=\"\" \/>\t\t\t\t\t\t\n\t\t\t\t\t<\/div>\n\t\t\t\t\t\t\t\t\n<style>\n#image_1206065808 {\n  width: 100%;\n}\n<\/style>\n\t<\/div>\n\t\n\n\t<div class=\"img has-hover flag-right x md-x lg-x y md-y lg-y\" id=\"image_1817368282\">\n\t\t\t\t\t\t\t\t<div class=\"img-inner dark\" >\n\t\t\t<img loading=\"lazy\" decoding=\"async\" width=\"491\" height=\"562\" src=\"https:\/\/www.playmbet.ink\/wp-content\/uploads\/2025\/08\/m1-1.png\" class=\"attachment-original size-original\" alt=\"\" srcset=\"https:\/\/www.playmbet.ink\/wp-content\/uploads\/2025\/08\/m1-1.png 491w, https:\/\/www.playmbet.ink\/wp-content\/uploads\/2025\/08\/m1-1-262x300.png 262w\" sizes=\"auto, (max-width: 491px) 100vw, 491px\" \/>\t\t\t\t\t\t\n\t\t\t\t\t<\/div>\n\t\t\t\t\t\t\t\t\n<style>\n#image_1817368282 {\n  width: 100%;\n}\n<\/style>\n\t<\/div>\n\t\n\n\t<div class=\"img has-hover top-right x md-x lg-x y md-y lg-y\" id=\"image_1743226709\">\n\t\t\t\t\t\t\t\t<div class=\"img-inner dark\" >\n\t\t\t<img loading=\"lazy\" decoding=\"async\" width=\"235\" height=\"101\" src=\"https:\/\/www.playmbet.ink\/wp-content\/uploads\/2025\/08\/m5-1.png\" class=\"attachment-original size-original\" alt=\"\" \/>\t\t\t\t\t\t\n\t\t\t\t\t<\/div>\n\t\t\t\t\t\t\t\t\n<style>\n#image_1743226709 {\n  width: 100%;\n}\n<\/style>\n\t<\/div>\n\t\n\n\t<div class=\"img has-hover bg-right x md-x lg-x y md-y lg-y\" id=\"image_1843467038\">\n\t\t\t\t\t\t\t\t<div class=\"img-inner dark\" >\n\t\t\t<img loading=\"lazy\" decoding=\"async\" width=\"776\" height=\"356\" src=\"https:\/\/www.playmbet.ink\/wp-content\/uploads\/2025\/08\/m7-1.png\" class=\"attachment-original size-original\" alt=\"\" srcset=\"https:\/\/www.playmbet.ink\/wp-content\/uploads\/2025\/08\/m7-1.png 776w, https:\/\/www.playmbet.ink\/wp-content\/uploads\/2025\/08\/m7-1-300x138.png 300w, https:\/\/www.playmbet.ink\/wp-content\/uploads\/2025\/08\/m7-1-768x352.png 768w\" sizes=\"auto, (max-width: 776px) 100vw, 776px\" \/>\t\t\t\t\t\t\n\t\t\t\t\t<\/div>\n\t\t\t\t\t\t\t\t\n<style>\n#image_1843467038 {\n  width: 100%;\n}\n<\/style>\n\t<\/div>\n\t\n\n\t<div class=\"img has-hover evenlop-right x md-x lg-x y md-y lg-y\" id=\"image_414390688\">\n\t\t\t\t\t\t\t\t<div class=\"img-inner dark\" >\n\t\t\t<img loading=\"lazy\" decoding=\"async\" width=\"104\" height=\"114\" src=\"https:\/\/www.playmbet.ink\/wp-content\/uploads\/2025\/08\/m13-1.png\" class=\"attachment-original size-original\" alt=\"\" \/>\t\t\t\t\t\t\n\t\t\t\t\t<\/div>\n\t\t\t\t\t\t\t\t\n<style>\n#image_414390688 {\n  width: 100%;\n}\n<\/style>\n\t<\/div>\n\t\n\n\t<div class=\"img has-hover item-right x md-x lg-x y md-y lg-y\" id=\"image_692728258\">\n\t\t\t\t\t\t\t\t<div class=\"img-inner dark\" >\n\t\t\t<img loading=\"lazy\" decoding=\"async\" width=\"235\" height=\"101\" src=\"https:\/\/www.playmbet.ink\/wp-content\/uploads\/2025\/08\/m5-1.png\" class=\"attachment-original size-original\" alt=\"\" \/>\t\t\t\t\t\t\n\t\t\t\t\t<\/div>\n\t\t\t\t\t\t\t\t\n<style>\n#image_692728258 {\n  width: 100%;\n}\n<\/style>\n\t<\/div>\n\t\n\n\n\t\t\n<style>\n#stack-3130528157 > * {\n  --stack-gap: 0rem;\n}\n<\/style>\n\t<\/div>\n\t\n\n\t\t\n<style>\n#stack-2027192698 > * {\n  --stack-gap: 0rem;\n}\n<\/style>\n\t<\/div>\n\t\n\n\t\t\n<style>\n#stack-80464916 > * {\n  --stack-gap: 0rem;\n}\n<\/style>\n\t<\/div>\n\t\n<div class=\"form-layout\">\n    <div class=\"form-header\">\n        \t<div class=\"img has-hover form-logo x md-x lg-x y md-y lg-y\" id=\"image_580971446\">\n\t\t\t\t\t\t\t\t<div class=\"img-inner dark\" >\n\t\t\t<img decoding=\"async\" src=\"https:\/\/www.playmbet.ink\/wp-content\/uploads\/2025\/08\/logo.svg\" class=\"attachment-original size-original\" alt=\"\" \/>\t\t\t\t\t\t\n\t\t\t\t\t<\/div>\n\t\t\t\t\t\t\t\t\n<style>\n#image_580971446 {\n  width: 100%;\n}\n<\/style>\n\t<\/div>\n\t\n\n\t<div class=\"img has-hover form-title x md-x lg-x y md-y lg-y\" id=\"image_1288695554\">\n\t\t\t\t\t\t\t\t<div class=\"img-inner dark\" >\n\t\t\t<img loading=\"lazy\" decoding=\"async\" width=\"430\" height=\"64\" src=\"https:\/\/www.playmbet.ink\/wp-content\/uploads\/2025\/08\/Co-Phat-Tat-Tay.png\" class=\"attachment-original size-original\" alt=\"\" srcset=\"https:\/\/www.playmbet.ink\/wp-content\/uploads\/2025\/08\/Co-Phat-Tat-Tay.png 430w, https:\/\/www.playmbet.ink\/wp-content\/uploads\/2025\/08\/Co-Phat-Tat-Tay-300x45.png 300w\" sizes=\"auto, (max-width: 430px) 100vw, 430px\" \/>\t\t\t\t\t\t\n\t\t\t\t\t<\/div>\n\t\t\t\t\t\t\t\t\n<style>\n#image_1288695554 {\n  width: 100%;\n}\n<\/style>\n\t<\/div>\n\t    <\/div>\n    <form class=\"form-submit normal-form-submit toggle-mode\">\n        <div class=\"form-input-wrapper \">\n                            <label for=\"input-name923876\">T\u00ean \u0111\u0103ng nh\u1eadp<\/label>\n                        <div class=\"form-input form-input-user\">\n                <input type=\"text\" name=\"input-name\" placeholder=\"T\u00ean \u0111\u0103ng nh\u1eadp\" id=\"input-name923876\">\n            <\/div>\n            <p class=\"validate-user\"><\/p>\n        <\/div>\n        <div class=\"form-input-wrapper hidden-input\">\n                            <label for=\"input-pass923876\">M\u1eadt kh\u1ea9u<\/label>\n                        <div class=\"form-input form-input-pass\">\n                <input type=\"password\" name=\"input-pass\" placeholder=\"M\u1eadt kh\u1ea9u\" id=\"input-pass923876\">\n                <img decoding=\"async\" src=\"https:\/\/www.playmbet.ink\/wp-content\/uploads\/2025\/04\/icon-eye.svg\" alt=\"icon form\" class=\"toggle-password\"\n                    data-show-pass=\"https:\/\/www.playmbet.ink\/wp-content\/uploads\/2025\/04\/icon-eye-slash.svg\" data-hide-pass=\"https:\/\/www.playmbet.ink\/wp-content\/uploads\/2025\/04\/icon-eye.svg\">\n            <\/div>\n            <p class=\"validate-password\"><\/p>\n        <\/div>\n                            <div class=\"form-input-wrapper hidden-input\">\n                                    <label for=\"input-phone923876\">S\u1ed1 \u0111i\u1ec7n tho\u1ea1i<\/label>\n                                <div class=\"form-input form-input-phone\">\n                    <input type=\"tel\" name=\"input-phone\" placeholder=\"S\u1ed1 \u0111i\u1ec7n tho\u1ea1i\" pattern=\"[0-9]{10}\" inputmode=\"numeric\" maxlength=\"10\" id=\"input-phone923876\">\n                <\/div>\n                <p class=\"validate-phone\"><\/p>\n                <p class=\"error-message\"><\/p>\n            <\/div>\n                <div class=\"btn-hidden-input\">\n            \t<div class=\"img has-hover x md-x lg-x y md-y lg-y\" id=\"image_1462619998\">\n\t\t\t\t\t\t\t\t<div class=\"img-inner dark\" >\n\t\t\t<img loading=\"lazy\" decoding=\"async\" width=\"913\" height=\"356\" src=\"https:\/\/www.playmbet.ink\/wp-content\/uploads\/2025\/08\/btn-register.png\" class=\"attachment-original size-original\" alt=\"\" srcset=\"https:\/\/www.playmbet.ink\/wp-content\/uploads\/2025\/08\/btn-register.png 913w, https:\/\/www.playmbet.ink\/wp-content\/uploads\/2025\/08\/btn-register-300x117.png 300w, https:\/\/www.playmbet.ink\/wp-content\/uploads\/2025\/08\/btn-register-768x299.png 768w\" sizes=\"auto, (max-width: 913px) 100vw, 913px\" \/>\t\t\t\t\t\t\n\t\t\t\t\t<\/div>\n\t\t\t\t\t\t\t\t\n<style>\n#image_1462619998 {\n  width: 100%;\n}\n<\/style>\n\t<\/div>\n\t        <\/div>\n    <\/form>\n    <div class=\"form-footer\">\n            <\/div>\n<\/div>\n\n\n\t\t<div class=\"slider-mobile\">\n\t\t\t\t\n\n<div class=\"slider-container\">\n    <div class=\"slide active\"><img decoding=\"async\" src=\"\/wp-content\/uploads\/2025\/08\/event-3.png\" alt=\"1\"><\/div>\n    <div class=\"slide next\"><img decoding=\"async\" src=\"\/wp-content\/uploads\/2025\/08\/event-2.png\" alt=\"2\"><\/div>\n    <div class=\"slide prev\"><img decoding=\"async\" src=\"\/wp-content\/uploads\/2025\/08\/event-1.png\" alt=\"3\"><\/div>\n  <\/div>\n\t\t<\/div>\n\t\n\n\t\t<\/div>\n\t\t\t\t\t<\/div>\n\n\t\n\n<\/div>\n\n\t\t<\/div>\n\n\t\t\n<style>\n#section_1590072524 {\n  padding-top: 0px;\n  padding-bottom: 0px;\n}\n<\/style>\n\t<\/section>\n\t\n\n","protected":false},"excerpt":{"rendered":"","protected":false},"author":1,"featured_media":0,"parent":0,"menu_order":0,"comment_status":"closed","ping_status":"closed","template":"","meta":{"footnotes":""},"class_list":["post-34","page","type-page","status-publish","hentry"],"_links":{"self":[{"href":"https:\/\/www.playmbet.ink\/index.php?rest_route=\/wp\/v2\/pages\/34","targetHints":{"allow":["GET"]}}],"collection":[{"href":"https:\/\/www.playmbet.ink\/index.php?rest_route=\/wp\/v2\/pages"}],"about":[{"href":"https:\/\/www.playmbet.ink\/index.php?rest_route=\/wp\/v2\/types\/page"}],"author":[{"embeddable":true,"href":"https:\/\/www.playmbet.ink\/index.php?rest_route=\/wp\/v2\/users\/1"}],"replies":[{"embeddable":true,"href":"https:\/\/www.playmbet.ink\/index.php?rest_route=%2Fwp%2Fv2%2Fcomments&post=34"}],"version-history":[{"count":176,"href":"https:\/\/www.playmbet.ink\/index.php?rest_route=\/wp\/v2\/pages\/34\/revisions"}],"predecessor-version":[{"id":1629,"href":"https:\/\/www.playmbet.ink\/index.php?rest_route=\/wp\/v2\/pages\/34\/revisions\/1629"}],"wp:attachment":[{"href":"https:\/\/www.playmbet.ink\/index.php?rest_route=%2Fwp%2Fv2%2Fmedia&parent=34"}],"curies":[{"name":"wp","href":"https:\/\/api.w.org\/{rel}","templated":true}]}}